{"id":28392,"date":"2025-04-21T10:12:01","date_gmt":"2025-04-21T10:12:01","guid":{"rendered":"https:\/\/wibocosmetics.eu\/producto\/aceite-labial-kaleidoscope-n1\/"},"modified":"2025-04-22T15:16:01","modified_gmt":"2025-04-22T15:16:01","slug":"aceite-labial-kaleidoscope-n1","status":"publish","type":"product","link":"https:\/\/wibocosmetics.eu\/en\/product\/aceite-labial-kaleidoscope-n1\/","title":{"rendered":"Kaleidoscope\n  Lip Oil\u00a0"},"content":{"rendered":"<h4>How<br \/>\n  to use<\/h4>\n<p>Prepare your lips by exfoliating if necessary to remove any<br \/>\n  impurities. Apply the lip gloss to the center of the lower lip and across the<br \/>\n  upper lip. This will help avoid unsightly smudging at the corners of the<br \/>\n  mouth. Gently rub your lips together to naturally blend the gloss. Another<br \/>\n  way to use it is by applying the lip gloss right in the center of both the<br \/>\n  upper and lower lips to make them appear fuller and plumper.<\/p>\n","protected":false},"excerpt":{"rendered":"<p>Una sombra luminosa con un espectacular brillo arco iris.<br \/>\n    Una pasada y \u00a1bum!, todo un arco iris en tus p\u00e1rpados. Su f\u00f3rmula combina<br \/>\n  cinco tonos en un solo producto, creando un brillo hologr\u00e1fico \u00fanico, desde<br \/>\n  un sutil resplandor hasta un efecto multicolor total.<br \/>\n    Su textura sedosa se desliza suavemente sobre la piel y se funde a la<br \/>\n  perfecci\u00f3n con el maquillaje. Puedes usarlo solo, mezclarlo con otros tonos o<br \/>\n  aplicarlo como iluminador para conseguir un efecto multidimensional\u00bb.<\/p>\n","protected":false},"featured_media":28018,"comment_status":"closed","ping_status":"closed","template":"","meta":[],"product_brand":[],"product_cat":[890,1579,1648],"product_tag":[],"class_list":{"0":"post-28392","1":"product","2":"type-product","3":"status-publish","4":"has-post-thumbnail","6":"product_cat-lip-balm-en","7":"product_cat-moda-new-2-en","8":"product_cat-new-2-en","10":"first","11":"instock","12":"shipping-taxable","13":"purchasable","14":"product-type-variable"},"yoast_head":"<!-- This site is optimized with the Yoast SEO plugin v27.2 - https:\/\/yoast.com\/product\/yoast-seo-wordpress\/ -->\n<title>Kaleidoscope  Lip Oil\u00a0 - Wibo<\/title>\n<meta name=\"robots\" content=\"index, follow, max-snippet:-1, max-image-preview:large, max-video-preview:-1\" \/>\n<link rel=\"canonical\" href=\"https:\/\/wibocosmetics.eu\/en\/product\/aceite-labial-kaleidoscope-n1\/\" \/>\n<meta property=\"og:locale\" content=\"en_US\" \/>\n<meta property=\"og:type\" content=\"article\" \/>\n<meta property=\"og:title\" content=\"Kaleidoscope  Lip Oil\u00a0 - Wibo\" \/>\n<meta property=\"og:description\" content=\"Una sombra luminosa con un espectacular brillo arco iris.   Una pasada y \u00a1bum!, todo un arco iris en tus p\u00e1rpados. Su f\u00f3rmula combina  cinco tonos en un solo producto, creando un brillo hologr\u00e1fico \u00fanico, desde  un sutil resplandor hasta un efecto multicolor total.   Su textura sedosa se desliza suavemente sobre la piel y se funde a la  perfecci\u00f3n con el maquillaje. Puedes usarlo solo, mezclarlo con otros tonos o  aplicarlo como iluminador para conseguir un efecto multidimensional\u00bb.\" \/>\n<meta property=\"og:url\" content=\"https:\/\/wibocosmetics.eu\/en\/product\/aceite-labial-kaleidoscope-n1\/\" \/>\n<meta property=\"og:site_name\" content=\"Wibo\" \/>\n<meta property=\"article:modified_time\" content=\"2025-04-22T15:16:01+00:00\" \/>\n<meta property=\"og:image\" content=\"https:\/\/wibocosmetics.eu\/wp-content\/uploads\/2025\/04\/5905309913479_1-1.png\" \/>\n\t<meta property=\"og:image:width\" content=\"1920\" \/>\n\t<meta property=\"og:image:height\" content=\"1920\" \/>\n\t<meta property=\"og:image:type\" content=\"image\/png\" \/>\n<meta name=\"twitter:card\" content=\"summary_large_image\" \/>\n<meta name=\"twitter:label1\" content=\"Est. reading time\" \/>\n\t<meta name=\"twitter:data1\" content=\"1 minute\" \/>\n<script type=\"application\/ld+json\" class=\"yoast-schema-graph\">{\"@context\":\"https:\/\/schema.org\",\"@graph\":[{\"@type\":\"WebPage\",\"@id\":\"https:\/\/wibocosmetics.eu\/en\/product\/aceite-labial-kaleidoscope-n1\/\",\"url\":\"https:\/\/wibocosmetics.eu\/en\/product\/aceite-labial-kaleidoscope-n1\/\",\"name\":\"Kaleidoscope Lip Oil\u00a0 - Wibo\",\"isPartOf\":{\"@id\":\"https:\/\/wibocosmetics.eu\/en\/#website\"},\"primaryImageOfPage\":{\"@id\":\"https:\/\/wibocosmetics.eu\/en\/product\/aceite-labial-kaleidoscope-n1\/#primaryimage\"},\"image\":{\"@id\":\"https:\/\/wibocosmetics.eu\/en\/product\/aceite-labial-kaleidoscope-n1\/#primaryimage\"},\"thumbnailUrl\":\"https:\/\/wibocosmetics.eu\/wp-content\/uploads\/2025\/04\/5905309913479_1-1.png\",\"datePublished\":\"2025-04-21T10:12:01+00:00\",\"dateModified\":\"2025-04-22T15:16:01+00:00\",\"breadcrumb\":{\"@id\":\"https:\/\/wibocosmetics.eu\/en\/product\/aceite-labial-kaleidoscope-n1\/#breadcrumb\"},\"inLanguage\":\"en-US\",\"potentialAction\":[{\"@type\":\"ReadAction\",\"target\":[\"https:\/\/wibocosmetics.eu\/en\/product\/aceite-labial-kaleidoscope-n1\/\"]}]},{\"@type\":\"ImageObject\",\"inLanguage\":\"en-US\",\"@id\":\"https:\/\/wibocosmetics.eu\/en\/product\/aceite-labial-kaleidoscope-n1\/#primaryimage\",\"url\":\"https:\/\/wibocosmetics.eu\/wp-content\/uploads\/2025\/04\/5905309913479_1-1.png\",\"contentUrl\":\"https:\/\/wibocosmetics.eu\/wp-content\/uploads\/2025\/04\/5905309913479_1-1.png\",\"width\":1920,\"height\":1920},{\"@type\":\"BreadcrumbList\",\"@id\":\"https:\/\/wibocosmetics.eu\/en\/product\/aceite-labial-kaleidoscope-n1\/#breadcrumb\",\"itemListElement\":[{\"@type\":\"ListItem\",\"position\":1,\"name\":\"Portada\",\"item\":\"https:\/\/wibocosmetics.eu\/en\/\"},{\"@type\":\"ListItem\",\"position\":2,\"name\":\"Shop\",\"item\":\"https:\/\/wibocosmetics.eu\/en\/shop\/\"},{\"@type\":\"ListItem\",\"position\":3,\"name\":\"Kaleidoscope Lip Oil\u00a0\"}]},{\"@type\":\"WebSite\",\"@id\":\"https:\/\/wibocosmetics.eu\/en\/#website\",\"url\":\"https:\/\/wibocosmetics.eu\/en\/\",\"name\":\"Wibo\",\"description\":\"Wibo Europe\",\"potentialAction\":[{\"@type\":\"SearchAction\",\"target\":{\"@type\":\"EntryPoint\",\"urlTemplate\":\"https:\/\/wibocosmetics.eu\/en\/?s={search_term_string}\"},\"query-input\":{\"@type\":\"PropertyValueSpecification\",\"valueRequired\":true,\"valueName\":\"search_term_string\"}}],\"inLanguage\":\"en-US\"}]}<\/script>\n<!-- \/ Yoast SEO plugin. -->","yoast_head_json":{"title":"Kaleidoscope  Lip Oil\u00a0 - Wibo","robots":{"index":"index","follow":"follow","max-snippet":"max-snippet:-1","max-image-preview":"max-image-preview:large","max-video-preview":"max-video-preview:-1"},"canonical":"https:\/\/wibocosmetics.eu\/en\/product\/aceite-labial-kaleidoscope-n1\/","og_locale":"en_US","og_type":"article","og_title":"Kaleidoscope  Lip Oil\u00a0 - Wibo","og_description":"Una sombra luminosa con un espectacular brillo arco iris.   Una pasada y \u00a1bum!, todo un arco iris en tus p\u00e1rpados. Su f\u00f3rmula combina  cinco tonos en un solo producto, creando un brillo hologr\u00e1fico \u00fanico, desde  un sutil resplandor hasta un efecto multicolor total.   Su textura sedosa se desliza suavemente sobre la piel y se funde a la  perfecci\u00f3n con el maquillaje. Puedes usarlo solo, mezclarlo con otros tonos o  aplicarlo como iluminador para conseguir un efecto multidimensional\u00bb.","og_url":"https:\/\/wibocosmetics.eu\/en\/product\/aceite-labial-kaleidoscope-n1\/","og_site_name":"Wibo","article_modified_time":"2025-04-22T15:16:01+00:00","og_image":[{"width":1920,"height":1920,"url":"https:\/\/wibocosmetics.eu\/wp-content\/uploads\/2025\/04\/5905309913479_1-1.png","type":"image\/png"}],"twitter_card":"summary_large_image","twitter_misc":{"Est. reading time":"1 minute"},"schema":{"@context":"https:\/\/schema.org","@graph":[{"@type":"WebPage","@id":"https:\/\/wibocosmetics.eu\/en\/product\/aceite-labial-kaleidoscope-n1\/","url":"https:\/\/wibocosmetics.eu\/en\/product\/aceite-labial-kaleidoscope-n1\/","name":"Kaleidoscope Lip Oil\u00a0 - Wibo","isPartOf":{"@id":"https:\/\/wibocosmetics.eu\/en\/#website"},"primaryImageOfPage":{"@id":"https:\/\/wibocosmetics.eu\/en\/product\/aceite-labial-kaleidoscope-n1\/#primaryimage"},"image":{"@id":"https:\/\/wibocosmetics.eu\/en\/product\/aceite-labial-kaleidoscope-n1\/#primaryimage"},"thumbnailUrl":"https:\/\/wibocosmetics.eu\/wp-content\/uploads\/2025\/04\/5905309913479_1-1.png","datePublished":"2025-04-21T10:12:01+00:00","dateModified":"2025-04-22T15:16:01+00:00","breadcrumb":{"@id":"https:\/\/wibocosmetics.eu\/en\/product\/aceite-labial-kaleidoscope-n1\/#breadcrumb"},"inLanguage":"en-US","potentialAction":[{"@type":"ReadAction","target":["https:\/\/wibocosmetics.eu\/en\/product\/aceite-labial-kaleidoscope-n1\/"]}]},{"@type":"ImageObject","inLanguage":"en-US","@id":"https:\/\/wibocosmetics.eu\/en\/product\/aceite-labial-kaleidoscope-n1\/#primaryimage","url":"https:\/\/wibocosmetics.eu\/wp-content\/uploads\/2025\/04\/5905309913479_1-1.png","contentUrl":"https:\/\/wibocosmetics.eu\/wp-content\/uploads\/2025\/04\/5905309913479_1-1.png","width":1920,"height":1920},{"@type":"BreadcrumbList","@id":"https:\/\/wibocosmetics.eu\/en\/product\/aceite-labial-kaleidoscope-n1\/#breadcrumb","itemListElement":[{"@type":"ListItem","position":1,"name":"Portada","item":"https:\/\/wibocosmetics.eu\/en\/"},{"@type":"ListItem","position":2,"name":"Shop","item":"https:\/\/wibocosmetics.eu\/en\/shop\/"},{"@type":"ListItem","position":3,"name":"Kaleidoscope Lip Oil\u00a0"}]},{"@type":"WebSite","@id":"https:\/\/wibocosmetics.eu\/en\/#website","url":"https:\/\/wibocosmetics.eu\/en\/","name":"Wibo","description":"Wibo Europe","potentialAction":[{"@type":"SearchAction","target":{"@type":"EntryPoint","urlTemplate":"https:\/\/wibocosmetics.eu\/en\/?s={search_term_string}"},"query-input":{"@type":"PropertyValueSpecification","valueRequired":true,"valueName":"search_term_string"}}],"inLanguage":"en-US"}]}},"_links":{"self":[{"href":"https:\/\/wibocosmetics.eu\/en\/wp-json\/wp\/v2\/product\/28392","targetHints":{"allow":["GET"]}}],"collection":[{"href":"https:\/\/wibocosmetics.eu\/en\/wp-json\/wp\/v2\/product"}],"about":[{"href":"https:\/\/wibocosmetics.eu\/en\/wp-json\/wp\/v2\/types\/product"}],"replies":[{"embeddable":true,"href":"https:\/\/wibocosmetics.eu\/en\/wp-json\/wp\/v2\/comments?post=28392"}],"wp:featuredmedia":[{"embeddable":true,"href":"https:\/\/wibocosmetics.eu\/en\/wp-json\/wp\/v2\/media\/28018"}],"wp:attachment":[{"href":"https:\/\/wibocosmetics.eu\/en\/wp-json\/wp\/v2\/media?parent=28392"}],"wp:term":[{"taxonomy":"product_brand","embeddable":true,"href":"https:\/\/wibocosmetics.eu\/en\/wp-json\/wp\/v2\/product_brand?post=28392"},{"taxonomy":"product_cat","embeddable":true,"href":"https:\/\/wibocosmetics.eu\/en\/wp-json\/wp\/v2\/product_cat?post=28392"},{"taxonomy":"product_tag","embeddable":true,"href":"https:\/\/wibocosmetics.eu\/en\/wp-json\/wp\/v2\/product_tag?post=28392"}],"curies":[{"name":"wp","href":"https:\/\/api.w.org\/{rel}","templated":true}]}}