{"id":25991,"date":"2022-11-22T09:48:53","date_gmt":"2022-11-22T09:48:53","guid":{"rendered":"https:\/\/wibocosmetics.eu\/?post_type=product&#038;p=25991"},"modified":"2025-04-21T13:22:24","modified_gmt":"2025-04-21T13:22:24","slug":"wibo-esmalte-de-unas-extreme-nails","status":"publish","type":"product","link":"https:\/\/wibocosmetics.eu\/en\/product\/wibo-esmalte-de-unas-extreme-nails\/","title":{"rendered":"Laca de u\u00f1as Extreme Nails"},"content":{"rendered":"<h4>Modo de uso<\/h4>\n<p>Aplique una capa de laca de manera uniforme sobre la superficie de la u\u00f1a debidamente preparada, y d\u00e9jela secar completamente. La operaci\u00f3n puede repetirse para obtener un resultado satisfactorio.<\/p>\n","protected":false},"excerpt":{"rendered":"<p>Una l\u00ednea de esmaltes destinado para mujeres que aprecian elegancia, el confort y la modernidad. El aplicador garantiza una cobertura de la u\u00f1a f\u00e1cil y precisa. El esmalte se caracteriza por una combinaci\u00f3n excepcional de brillo y color duradero. Se seca con rapidez y no deja manchas.<\/p>\n","protected":false},"featured_media":25556,"comment_status":"closed","ping_status":"closed","template":"","meta":[],"product_brand":[],"product_cat":[896,1317],"product_tag":[],"class_list":{"0":"post-25991","1":"product","2":"type-product","3":"status-publish","4":"has-post-thumbnail","6":"product_cat-nail-polish","7":"product_cat-nuevo-2023-en","9":"first","10":"instock","11":"shipping-taxable","12":"purchasable","13":"product-type-variable"},"yoast_head":"<!-- This site is optimized with the Yoast SEO plugin v27.2 - https:\/\/yoast.com\/product\/yoast-seo-wordpress\/ -->\n<title>Laca de u\u00f1as Extreme Nails - Wibo<\/title>\n<meta name=\"robots\" content=\"index, follow, max-snippet:-1, max-image-preview:large, max-video-preview:-1\" \/>\n<link rel=\"canonical\" href=\"https:\/\/wibocosmetics.eu\/en\/product\/wibo-esmalte-de-unas-extreme-nails\/\" \/>\n<meta property=\"og:locale\" content=\"en_US\" \/>\n<meta property=\"og:type\" content=\"article\" \/>\n<meta property=\"og:title\" content=\"Laca de u\u00f1as Extreme Nails - Wibo\" \/>\n<meta property=\"og:description\" content=\"Una l\u00ednea de esmaltes destinado para mujeres que aprecian elegancia, el confort y la modernidad. El aplicador garantiza una cobertura de la u\u00f1a f\u00e1cil y precisa. El esmalte se caracteriza por una combinaci\u00f3n excepcional de brillo y color duradero. Se seca con rapidez y no deja manchas.\" \/>\n<meta property=\"og:url\" content=\"https:\/\/wibocosmetics.eu\/en\/product\/wibo-esmalte-de-unas-extreme-nails\/\" \/>\n<meta property=\"og:site_name\" content=\"Wibo\" \/>\n<meta property=\"article:modified_time\" content=\"2025-04-21T13:22:24+00:00\" \/>\n<meta property=\"og:image\" content=\"https:\/\/wibocosmetics.eu\/wp-content\/uploads\/2023\/05\/pa115n552@46.jpg\" \/>\n\t<meta property=\"og:image:width\" content=\"800\" \/>\n\t<meta property=\"og:image:height\" content=\"800\" \/>\n\t<meta property=\"og:image:type\" content=\"image\/jpeg\" \/>\n<meta name=\"twitter:card\" content=\"summary_large_image\" \/>\n<meta name=\"twitter:label1\" content=\"Est. reading time\" \/>\n\t<meta name=\"twitter:data1\" content=\"1 minute\" \/>\n<script type=\"application\/ld+json\" class=\"yoast-schema-graph\">{\"@context\":\"https:\/\/schema.org\",\"@graph\":[{\"@type\":\"WebPage\",\"@id\":\"https:\/\/wibocosmetics.eu\/en\/product\/wibo-esmalte-de-unas-extreme-nails\/\",\"url\":\"https:\/\/wibocosmetics.eu\/en\/product\/wibo-esmalte-de-unas-extreme-nails\/\",\"name\":\"Laca de u\u00f1as Extreme Nails - Wibo\",\"isPartOf\":{\"@id\":\"https:\/\/wibocosmetics.eu\/en\/#website\"},\"primaryImageOfPage\":{\"@id\":\"https:\/\/wibocosmetics.eu\/en\/product\/wibo-esmalte-de-unas-extreme-nails\/#primaryimage\"},\"image\":{\"@id\":\"https:\/\/wibocosmetics.eu\/en\/product\/wibo-esmalte-de-unas-extreme-nails\/#primaryimage\"},\"thumbnailUrl\":\"https:\/\/wibocosmetics.eu\/wp-content\/uploads\/2023\/05\/pa115n552@46.jpg\",\"datePublished\":\"2022-11-22T09:48:53+00:00\",\"dateModified\":\"2025-04-21T13:22:24+00:00\",\"breadcrumb\":{\"@id\":\"https:\/\/wibocosmetics.eu\/en\/product\/wibo-esmalte-de-unas-extreme-nails\/#breadcrumb\"},\"inLanguage\":\"en-US\",\"potentialAction\":[{\"@type\":\"ReadAction\",\"target\":[\"https:\/\/wibocosmetics.eu\/en\/product\/wibo-esmalte-de-unas-extreme-nails\/\"]}]},{\"@type\":\"ImageObject\",\"inLanguage\":\"en-US\",\"@id\":\"https:\/\/wibocosmetics.eu\/en\/product\/wibo-esmalte-de-unas-extreme-nails\/#primaryimage\",\"url\":\"https:\/\/wibocosmetics.eu\/wp-content\/uploads\/2023\/05\/pa115n552@46.jpg\",\"contentUrl\":\"https:\/\/wibocosmetics.eu\/wp-content\/uploads\/2023\/05\/pa115n552@46.jpg\",\"width\":800,\"height\":800},{\"@type\":\"BreadcrumbList\",\"@id\":\"https:\/\/wibocosmetics.eu\/en\/product\/wibo-esmalte-de-unas-extreme-nails\/#breadcrumb\",\"itemListElement\":[{\"@type\":\"ListItem\",\"position\":1,\"name\":\"Portada\",\"item\":\"https:\/\/wibocosmetics.eu\/en\/\"},{\"@type\":\"ListItem\",\"position\":2,\"name\":\"Shop\",\"item\":\"https:\/\/wibocosmetics.eu\/en\/shop\/\"},{\"@type\":\"ListItem\",\"position\":3,\"name\":\"Laca de u\u00f1as Extreme Nails\"}]},{\"@type\":\"WebSite\",\"@id\":\"https:\/\/wibocosmetics.eu\/en\/#website\",\"url\":\"https:\/\/wibocosmetics.eu\/en\/\",\"name\":\"Wibo\",\"description\":\"Wibo Europe\",\"potentialAction\":[{\"@type\":\"SearchAction\",\"target\":{\"@type\":\"EntryPoint\",\"urlTemplate\":\"https:\/\/wibocosmetics.eu\/en\/?s={search_term_string}\"},\"query-input\":{\"@type\":\"PropertyValueSpecification\",\"valueRequired\":true,\"valueName\":\"search_term_string\"}}],\"inLanguage\":\"en-US\"}]}<\/script>\n<!-- \/ Yoast SEO plugin. -->","yoast_head_json":{"title":"Laca de u\u00f1as Extreme Nails - Wibo","robots":{"index":"index","follow":"follow","max-snippet":"max-snippet:-1","max-image-preview":"max-image-preview:large","max-video-preview":"max-video-preview:-1"},"canonical":"https:\/\/wibocosmetics.eu\/en\/product\/wibo-esmalte-de-unas-extreme-nails\/","og_locale":"en_US","og_type":"article","og_title":"Laca de u\u00f1as Extreme Nails - Wibo","og_description":"Una l\u00ednea de esmaltes destinado para mujeres que aprecian elegancia, el confort y la modernidad. El aplicador garantiza una cobertura de la u\u00f1a f\u00e1cil y precisa. El esmalte se caracteriza por una combinaci\u00f3n excepcional de brillo y color duradero. Se seca con rapidez y no deja manchas.","og_url":"https:\/\/wibocosmetics.eu\/en\/product\/wibo-esmalte-de-unas-extreme-nails\/","og_site_name":"Wibo","article_modified_time":"2025-04-21T13:22:24+00:00","og_image":[{"width":800,"height":800,"url":"https:\/\/wibocosmetics.eu\/wp-content\/uploads\/2023\/05\/pa115n552@46.jpg","type":"image\/jpeg"}],"twitter_card":"summary_large_image","twitter_misc":{"Est. reading time":"1 minute"},"schema":{"@context":"https:\/\/schema.org","@graph":[{"@type":"WebPage","@id":"https:\/\/wibocosmetics.eu\/en\/product\/wibo-esmalte-de-unas-extreme-nails\/","url":"https:\/\/wibocosmetics.eu\/en\/product\/wibo-esmalte-de-unas-extreme-nails\/","name":"Laca de u\u00f1as Extreme Nails - Wibo","isPartOf":{"@id":"https:\/\/wibocosmetics.eu\/en\/#website"},"primaryImageOfPage":{"@id":"https:\/\/wibocosmetics.eu\/en\/product\/wibo-esmalte-de-unas-extreme-nails\/#primaryimage"},"image":{"@id":"https:\/\/wibocosmetics.eu\/en\/product\/wibo-esmalte-de-unas-extreme-nails\/#primaryimage"},"thumbnailUrl":"https:\/\/wibocosmetics.eu\/wp-content\/uploads\/2023\/05\/pa115n552@46.jpg","datePublished":"2022-11-22T09:48:53+00:00","dateModified":"2025-04-21T13:22:24+00:00","breadcrumb":{"@id":"https:\/\/wibocosmetics.eu\/en\/product\/wibo-esmalte-de-unas-extreme-nails\/#breadcrumb"},"inLanguage":"en-US","potentialAction":[{"@type":"ReadAction","target":["https:\/\/wibocosmetics.eu\/en\/product\/wibo-esmalte-de-unas-extreme-nails\/"]}]},{"@type":"ImageObject","inLanguage":"en-US","@id":"https:\/\/wibocosmetics.eu\/en\/product\/wibo-esmalte-de-unas-extreme-nails\/#primaryimage","url":"https:\/\/wibocosmetics.eu\/wp-content\/uploads\/2023\/05\/pa115n552@46.jpg","contentUrl":"https:\/\/wibocosmetics.eu\/wp-content\/uploads\/2023\/05\/pa115n552@46.jpg","width":800,"height":800},{"@type":"BreadcrumbList","@id":"https:\/\/wibocosmetics.eu\/en\/product\/wibo-esmalte-de-unas-extreme-nails\/#breadcrumb","itemListElement":[{"@type":"ListItem","position":1,"name":"Portada","item":"https:\/\/wibocosmetics.eu\/en\/"},{"@type":"ListItem","position":2,"name":"Shop","item":"https:\/\/wibocosmetics.eu\/en\/shop\/"},{"@type":"ListItem","position":3,"name":"Laca de u\u00f1as Extreme Nails"}]},{"@type":"WebSite","@id":"https:\/\/wibocosmetics.eu\/en\/#website","url":"https:\/\/wibocosmetics.eu\/en\/","name":"Wibo","description":"Wibo Europe","potentialAction":[{"@type":"SearchAction","target":{"@type":"EntryPoint","urlTemplate":"https:\/\/wibocosmetics.eu\/en\/?s={search_term_string}"},"query-input":{"@type":"PropertyValueSpecification","valueRequired":true,"valueName":"search_term_string"}}],"inLanguage":"en-US"}]}},"_links":{"self":[{"href":"https:\/\/wibocosmetics.eu\/en\/wp-json\/wp\/v2\/product\/25991","targetHints":{"allow":["GET"]}}],"collection":[{"href":"https:\/\/wibocosmetics.eu\/en\/wp-json\/wp\/v2\/product"}],"about":[{"href":"https:\/\/wibocosmetics.eu\/en\/wp-json\/wp\/v2\/types\/product"}],"replies":[{"embeddable":true,"href":"https:\/\/wibocosmetics.eu\/en\/wp-json\/wp\/v2\/comments?post=25991"}],"wp:featuredmedia":[{"embeddable":true,"href":"https:\/\/wibocosmetics.eu\/en\/wp-json\/wp\/v2\/media\/25556"}],"wp:attachment":[{"href":"https:\/\/wibocosmetics.eu\/en\/wp-json\/wp\/v2\/media?parent=25991"}],"wp:term":[{"taxonomy":"product_brand","embeddable":true,"href":"https:\/\/wibocosmetics.eu\/en\/wp-json\/wp\/v2\/product_brand?post=25991"},{"taxonomy":"product_cat","embeddable":true,"href":"https:\/\/wibocosmetics.eu\/en\/wp-json\/wp\/v2\/product_cat?post=25991"},{"taxonomy":"product_tag","embeddable":true,"href":"https:\/\/wibocosmetics.eu\/en\/wp-json\/wp\/v2\/product_tag?post=25991"}],"curies":[{"name":"wp","href":"https:\/\/api.w.org\/{rel}","templated":true}]}}