{"id":25829,"date":"2023-05-31T11:45:45","date_gmt":"2023-05-31T11:45:45","guid":{"rendered":"https:\/\/wibocosmetics.eu\/?post_type=product&#038;p=25829"},"modified":"2024-01-26T12:22:39","modified_gmt":"2024-01-26T12:22:39","slug":"barra-de-labios-new-glossy-nude","status":"publish","type":"product","link":"https:\/\/wibocosmetics.eu\/en\/product\/barra-de-labios-new-glossy-nude\/","title":{"rendered":"Barra de labios New Glossy Nude"},"content":{"rendered":"<h4>Modo de uso<\/h4>\n<p>Aplica la barra de labios en la mitad del labio inferior y en todo el labio superior. En la zona de las comisuras es importante respetar la l\u00ednea natural del labio para evitar que quede artificial. Frota suavemente tus labios para que el color se difumine de forma natural. Puedes comenzar delineando el labio superior e inferior y luego rellenar para que el acabado sea impecable.<\/p>\n<p>&nbsp;<\/p>\n<h4>Ingredientes<\/h4>\n<p>Ingredients: Ethylhexyl Palmitate, Polyisobutene, Butyrospermum Parkii Oil, VP\/Hexadecene Copolymer, Paraffin, Cera Microcristallina, Bis-Diglyceryl Polyacyladipate-2, Cetyl Esters, Silica Dimethyl Silylate, Isocetyl Stearoyl Stearate, Lauryl PEG\/PPG-18\/18 Methicone, Isostearyl Alcohol, Parfum, Glycine Soja Oil, Caprylyl Glycol, Caprylhydroxamic Acid, Squalene, Beta-Sitosterol, Benzyl Benzoate, Tocopherol, Mica, Talc, Glycerin, Alumina, [+\/-]: CI 77891, CI 77491, CI 77492, CI 45410, CI 77499, CI 15850, CI 19140, CI 42090.<\/p>\n","protected":false},"excerpt":{"rendered":"<p>Colecci\u00f3n de barras de labios de tonos naturales, ideales para cualquier ocasi\u00f3n. F\u00f3rmula especialmente elaborada que aporta un color delicado y un brillo m\u00e1ximo a los labios. La barra no seca los labios, dej\u00e1ndolos hidratados durante todo el d\u00eda. El elemento b\u00e1sico para los looks diarios.<\/p>\n","protected":false},"featured_media":25522,"comment_status":"closed","ping_status":"closed","template":"","meta":[],"product_brand":[],"product_cat":[888,1317],"product_tag":[],"class_list":{"0":"post-25829","1":"product","2":"type-product","3":"status-publish","4":"has-post-thumbnail","6":"product_cat-lip-balm","7":"product_cat-nuevo-2023-en","9":"first","10":"instock","11":"shipping-taxable","12":"purchasable","13":"product-type-variable"},"yoast_head":"<!-- This site is optimized with the Yoast SEO plugin v27.2 - https:\/\/yoast.com\/product\/yoast-seo-wordpress\/ -->\n<title>Barra de labios New Glossy Nude - Wibo<\/title>\n<meta name=\"robots\" content=\"index, follow, max-snippet:-1, max-image-preview:large, max-video-preview:-1\" \/>\n<link rel=\"canonical\" href=\"https:\/\/wibocosmetics.eu\/en\/product\/barra-de-labios-new-glossy-nude\/\" \/>\n<meta property=\"og:locale\" content=\"en_US\" \/>\n<meta property=\"og:type\" content=\"article\" \/>\n<meta property=\"og:title\" content=\"Barra de labios New Glossy Nude - Wibo\" \/>\n<meta property=\"og:description\" content=\"Colecci\u00f3n de barras de labios de tonos naturales, ideales para cualquier ocasi\u00f3n. F\u00f3rmula especialmente elaborada que aporta un color delicado y un brillo m\u00e1ximo a los labios. La barra no seca los labios, dej\u00e1ndolos hidratados durante todo el d\u00eda. El elemento b\u00e1sico para los looks diarios.\" \/>\n<meta property=\"og:url\" content=\"https:\/\/wibocosmetics.eu\/en\/product\/barra-de-labios-new-glossy-nude\/\" \/>\n<meta property=\"og:site_name\" content=\"Wibo\" \/>\n<meta property=\"article:modified_time\" content=\"2024-01-26T12:22:39+00:00\" \/>\n<meta property=\"og:image\" content=\"https:\/\/wibocosmetics.eu\/wp-content\/uploads\/2023\/05\/us007n1@12.jpg\" \/>\n\t<meta property=\"og:image:width\" content=\"800\" \/>\n\t<meta property=\"og:image:height\" content=\"800\" \/>\n\t<meta property=\"og:image:type\" content=\"image\/jpeg\" \/>\n<meta name=\"twitter:card\" content=\"summary_large_image\" \/>\n<meta name=\"twitter:label1\" content=\"Est. reading time\" \/>\n\t<meta name=\"twitter:data1\" content=\"1 minute\" \/>\n<script type=\"application\/ld+json\" class=\"yoast-schema-graph\">{\"@context\":\"https:\/\/schema.org\",\"@graph\":[{\"@type\":\"WebPage\",\"@id\":\"https:\/\/wibocosmetics.eu\/en\/product\/barra-de-labios-new-glossy-nude\/\",\"url\":\"https:\/\/wibocosmetics.eu\/en\/product\/barra-de-labios-new-glossy-nude\/\",\"name\":\"Barra de labios New Glossy Nude - Wibo\",\"isPartOf\":{\"@id\":\"https:\/\/wibocosmetics.eu\/en\/#website\"},\"primaryImageOfPage\":{\"@id\":\"https:\/\/wibocosmetics.eu\/en\/product\/barra-de-labios-new-glossy-nude\/#primaryimage\"},\"image\":{\"@id\":\"https:\/\/wibocosmetics.eu\/en\/product\/barra-de-labios-new-glossy-nude\/#primaryimage\"},\"thumbnailUrl\":\"https:\/\/wibocosmetics.eu\/wp-content\/uploads\/2023\/05\/us007n1@12.jpg\",\"datePublished\":\"2023-05-31T11:45:45+00:00\",\"dateModified\":\"2024-01-26T12:22:39+00:00\",\"breadcrumb\":{\"@id\":\"https:\/\/wibocosmetics.eu\/en\/product\/barra-de-labios-new-glossy-nude\/#breadcrumb\"},\"inLanguage\":\"en-US\",\"potentialAction\":[{\"@type\":\"ReadAction\",\"target\":[\"https:\/\/wibocosmetics.eu\/en\/product\/barra-de-labios-new-glossy-nude\/\"]}]},{\"@type\":\"ImageObject\",\"inLanguage\":\"en-US\",\"@id\":\"https:\/\/wibocosmetics.eu\/en\/product\/barra-de-labios-new-glossy-nude\/#primaryimage\",\"url\":\"https:\/\/wibocosmetics.eu\/wp-content\/uploads\/2023\/05\/us007n1@12.jpg\",\"contentUrl\":\"https:\/\/wibocosmetics.eu\/wp-content\/uploads\/2023\/05\/us007n1@12.jpg\",\"width\":800,\"height\":800},{\"@type\":\"BreadcrumbList\",\"@id\":\"https:\/\/wibocosmetics.eu\/en\/product\/barra-de-labios-new-glossy-nude\/#breadcrumb\",\"itemListElement\":[{\"@type\":\"ListItem\",\"position\":1,\"name\":\"Portada\",\"item\":\"https:\/\/wibocosmetics.eu\/en\/\"},{\"@type\":\"ListItem\",\"position\":2,\"name\":\"Shop\",\"item\":\"https:\/\/wibocosmetics.eu\/en\/shop\/\"},{\"@type\":\"ListItem\",\"position\":3,\"name\":\"Barra de labios New Glossy Nude\"}]},{\"@type\":\"WebSite\",\"@id\":\"https:\/\/wibocosmetics.eu\/en\/#website\",\"url\":\"https:\/\/wibocosmetics.eu\/en\/\",\"name\":\"Wibo\",\"description\":\"Wibo Europe\",\"potentialAction\":[{\"@type\":\"SearchAction\",\"target\":{\"@type\":\"EntryPoint\",\"urlTemplate\":\"https:\/\/wibocosmetics.eu\/en\/?s={search_term_string}\"},\"query-input\":{\"@type\":\"PropertyValueSpecification\",\"valueRequired\":true,\"valueName\":\"search_term_string\"}}],\"inLanguage\":\"en-US\"}]}<\/script>\n<!-- \/ Yoast SEO plugin. -->","yoast_head_json":{"title":"Barra de labios New Glossy Nude - Wibo","robots":{"index":"index","follow":"follow","max-snippet":"max-snippet:-1","max-image-preview":"max-image-preview:large","max-video-preview":"max-video-preview:-1"},"canonical":"https:\/\/wibocosmetics.eu\/en\/product\/barra-de-labios-new-glossy-nude\/","og_locale":"en_US","og_type":"article","og_title":"Barra de labios New Glossy Nude - Wibo","og_description":"Colecci\u00f3n de barras de labios de tonos naturales, ideales para cualquier ocasi\u00f3n. F\u00f3rmula especialmente elaborada que aporta un color delicado y un brillo m\u00e1ximo a los labios. La barra no seca los labios, dej\u00e1ndolos hidratados durante todo el d\u00eda. El elemento b\u00e1sico para los looks diarios.","og_url":"https:\/\/wibocosmetics.eu\/en\/product\/barra-de-labios-new-glossy-nude\/","og_site_name":"Wibo","article_modified_time":"2024-01-26T12:22:39+00:00","og_image":[{"width":800,"height":800,"url":"https:\/\/wibocosmetics.eu\/wp-content\/uploads\/2023\/05\/us007n1@12.jpg","type":"image\/jpeg"}],"twitter_card":"summary_large_image","twitter_misc":{"Est. reading time":"1 minute"},"schema":{"@context":"https:\/\/schema.org","@graph":[{"@type":"WebPage","@id":"https:\/\/wibocosmetics.eu\/en\/product\/barra-de-labios-new-glossy-nude\/","url":"https:\/\/wibocosmetics.eu\/en\/product\/barra-de-labios-new-glossy-nude\/","name":"Barra de labios New Glossy Nude - Wibo","isPartOf":{"@id":"https:\/\/wibocosmetics.eu\/en\/#website"},"primaryImageOfPage":{"@id":"https:\/\/wibocosmetics.eu\/en\/product\/barra-de-labios-new-glossy-nude\/#primaryimage"},"image":{"@id":"https:\/\/wibocosmetics.eu\/en\/product\/barra-de-labios-new-glossy-nude\/#primaryimage"},"thumbnailUrl":"https:\/\/wibocosmetics.eu\/wp-content\/uploads\/2023\/05\/us007n1@12.jpg","datePublished":"2023-05-31T11:45:45+00:00","dateModified":"2024-01-26T12:22:39+00:00","breadcrumb":{"@id":"https:\/\/wibocosmetics.eu\/en\/product\/barra-de-labios-new-glossy-nude\/#breadcrumb"},"inLanguage":"en-US","potentialAction":[{"@type":"ReadAction","target":["https:\/\/wibocosmetics.eu\/en\/product\/barra-de-labios-new-glossy-nude\/"]}]},{"@type":"ImageObject","inLanguage":"en-US","@id":"https:\/\/wibocosmetics.eu\/en\/product\/barra-de-labios-new-glossy-nude\/#primaryimage","url":"https:\/\/wibocosmetics.eu\/wp-content\/uploads\/2023\/05\/us007n1@12.jpg","contentUrl":"https:\/\/wibocosmetics.eu\/wp-content\/uploads\/2023\/05\/us007n1@12.jpg","width":800,"height":800},{"@type":"BreadcrumbList","@id":"https:\/\/wibocosmetics.eu\/en\/product\/barra-de-labios-new-glossy-nude\/#breadcrumb","itemListElement":[{"@type":"ListItem","position":1,"name":"Portada","item":"https:\/\/wibocosmetics.eu\/en\/"},{"@type":"ListItem","position":2,"name":"Shop","item":"https:\/\/wibocosmetics.eu\/en\/shop\/"},{"@type":"ListItem","position":3,"name":"Barra de labios New Glossy Nude"}]},{"@type":"WebSite","@id":"https:\/\/wibocosmetics.eu\/en\/#website","url":"https:\/\/wibocosmetics.eu\/en\/","name":"Wibo","description":"Wibo Europe","potentialAction":[{"@type":"SearchAction","target":{"@type":"EntryPoint","urlTemplate":"https:\/\/wibocosmetics.eu\/en\/?s={search_term_string}"},"query-input":{"@type":"PropertyValueSpecification","valueRequired":true,"valueName":"search_term_string"}}],"inLanguage":"en-US"}]}},"_links":{"self":[{"href":"https:\/\/wibocosmetics.eu\/en\/wp-json\/wp\/v2\/product\/25829","targetHints":{"allow":["GET"]}}],"collection":[{"href":"https:\/\/wibocosmetics.eu\/en\/wp-json\/wp\/v2\/product"}],"about":[{"href":"https:\/\/wibocosmetics.eu\/en\/wp-json\/wp\/v2\/types\/product"}],"replies":[{"embeddable":true,"href":"https:\/\/wibocosmetics.eu\/en\/wp-json\/wp\/v2\/comments?post=25829"}],"wp:featuredmedia":[{"embeddable":true,"href":"https:\/\/wibocosmetics.eu\/en\/wp-json\/wp\/v2\/media\/25522"}],"wp:attachment":[{"href":"https:\/\/wibocosmetics.eu\/en\/wp-json\/wp\/v2\/media?parent=25829"}],"wp:term":[{"taxonomy":"product_brand","embeddable":true,"href":"https:\/\/wibocosmetics.eu\/en\/wp-json\/wp\/v2\/product_brand?post=25829"},{"taxonomy":"product_cat","embeddable":true,"href":"https:\/\/wibocosmetics.eu\/en\/wp-json\/wp\/v2\/product_cat?post=25829"},{"taxonomy":"product_tag","embeddable":true,"href":"https:\/\/wibocosmetics.eu\/en\/wp-json\/wp\/v2\/product_tag?post=25829"}],"curies":[{"name":"wp","href":"https:\/\/api.w.org\/{rel}","templated":true}]}}